{"id":405,"date":"2024-05-23T14:51:10","date_gmt":"2024-05-23T14:51:10","guid":{"rendered":"https:\/\/const-dev.audosys.com\/?page_id=405"},"modified":"2024-08-22T10:38:09","modified_gmt":"2024-08-22T10:38:09","slug":"sobre-nos","status":"publish","type":"page","link":"https:\/\/const-dev.audosys.com\/en\/sobre-nos\/","title":{"rendered":"About Us"},"content":{"rendered":"<section class=\"section has-parallax\" id=\"section_941709525\">\n\t\t<div class=\"section-bg fill\" data-parallax-container=\".section\" data-parallax-background data-parallax=\"-3\">\n\t\t\t<img loading=\"lazy\" decoding=\"async\" width=\"1440\" height=\"674\" src=\"https:\/\/const-dev.audosys.com\/wp-content\/uploads\/2024\/05\/pexels-jeshootscom-834892-1.png\" class=\"bg attachment- size-\" alt=\"\" \/>\t\t\t\t\t\t<div class=\"section-bg-overlay absolute fill\"><\/div>\n\t\t\t\n\n\t\t<\/div>\n\n\t\t\n\n\t\t<div class=\"section-content relative\">\n\t\t\t\n\n\t<div id=\"gap-895291039\" class=\"gap-element clearfix\" style=\"display:block; height:auto;\">\n\t\t\n<style>\n#gap-895291039 {\n  padding-top: 180px;\n}\n@media (min-width:550px) {\n  #gap-895291039 {\n    padding-top: 240px;\n  }\n}\n<\/style>\n\t<\/div>\n\t\n\n<div class=\"row\"  id=\"row-2000875758\">\n\n\n\t<div id=\"col-1787277047\" class=\"col medium-9 small-12 large-9\"  data-animate=\"blurIn\">\n\t\t\t\t<div class=\"col-inner text-left\"  data-parallax-fade=\"true\" data-parallax=\"3\">\n\t\t\t\n\t\t\t\n\n\t<div id=\"text-3045425003\" class=\"text\">\n\t\t\n\n<h1><strong>About Us<\/strong><\/h1>\n\t\t\n<style>\n#text-3045425003 {\n  font-size: 1.5rem;\n  text-align: center;\n  color: rgb(255, 255, 255);\n}\n#text-3045425003 > * {\n  color: rgb(255, 255, 255);\n}\n@media (min-width:550px) {\n  #text-3045425003 {\n    text-align: left;\n  }\n}\n<\/style>\n\t<\/div>\n\t\n\t<div id=\"text-198095125\" class=\"text\">\n\t\t\n\n<p>With years of experience, our qualified team delivers high-quality results, focusing on customer satisfaction. Discover everything about our Company on this page.<\/p>\n\t\t\n<style>\n#text-198095125 {\n  font-size: 1.2rem;\n  line-height: 1.4;\n  text-align: center;\n  color: rgb(255, 255, 255);\n}\n#text-198095125 > * {\n  color: rgb(255, 255, 255);\n}\n@media (min-width:550px) {\n  #text-198095125 {\n    text-align: left;\n  }\n}\n<\/style>\n\t<\/div>\n\t\n\n\t\t<\/div>\n\t\t\t\t\n<style>\n#col-1787277047 > .col-inner {\n  padding: 0px 20px 0px 20px;\n  margin: 0px 0px -50px 0px;\n}\n@media (min-width:550px) {\n  #col-1787277047 > .col-inner {\n    padding: 0px 0px 0px 20px;\n  }\n}\n@media (min-width:850px) {\n  #col-1787277047 > .col-inner {\n    padding: 0px 0px 0px 0px;\n  }\n}\n<\/style>\n\t<\/div>\n\n\t\n\n<\/div>\n\n\t\t<\/div>\n\n\t\t\n<style>\n#section_941709525 {\n  padding-top: 50px;\n  padding-bottom: 50px;\n}\n#section_941709525 .section-bg-overlay {\n  background-color: rgba(76, 95, 106, 0.6);\n}\n#section_941709525 .section-bg img {\n  object-position: 24% 21%;\n}\n<\/style>\n\t<\/section>\n\t\n\n\t<section class=\"section\" id=\"section_1190811045\">\n\t\t<div class=\"section-bg fill\" >\n\t\t\t\t\t\t\t\t\t\n\t\t\t\n\n\t\t<\/div>\n\n\t\t\n\n\t\t<div class=\"section-content relative\">\n\t\t\t\n\n\t<div id=\"gap-1197498207\" class=\"gap-element clearfix\" style=\"display:block; height:auto;\">\n\t\t\n<style>\n#gap-1197498207 {\n  padding-top: 50px;\n}\n@media (min-width:550px) {\n  #gap-1197498207 {\n    padding-top: 90px;\n  }\n}\n<\/style>\n\t<\/div>\n\t\n\n<div class=\"row align-equal align-center\"  id=\"row-137438117\">\n\n\n\t<div id=\"col-1807529665\" class=\"col medium-6 small-12 large-6\"  data-animate=\"fadeInUp\">\n\t\t\t\t<div class=\"col-inner text-left\" style=\"background-color:#4c5f6a;\" data-parallax-fade=\"true\" data-parallax=\"1\">\n\t\t\t\n\t\t\t\n\n\n\t\t<div class=\"icon-box featured-box icon-box-top text-left\"  >\n\t\t\t\t\t<div class=\"icon-box-img\" style=\"width: 60px\">\n\t\t\t\t<div class=\"icon\">\n\t\t\t\t\t<div class=\"icon-inner\" >\n\t\t\t\t\t\t<img loading=\"lazy\" decoding=\"async\" width=\"1\" height=\"1\" src=\"https:\/\/const-dev.audosys.com\/wp-content\/uploads\/2024\/05\/icon6.svg\" class=\"attachment-medium size-medium\" alt=\"\" \/>\t\t\t\t\t<\/div>\n\t\t\t\t<\/div>\n\t\t\t<\/div>\n\t\t\t\t<div class=\"icon-box-text last-reset\">\n\t\t\t\t\t\t\t\t\t\n\n\t<div id=\"text-3717770889\" class=\"text\">\n\t\t\n\n<h3><strong>Who are we?<\/strong><\/h3>\n\t\t\n<style>\n#text-3717770889 {\n  font-size: 1.3rem;\n  color: rgb(255, 255, 255);\n}\n#text-3717770889 > * {\n  color: rgb(255, 255, 255);\n}\n<\/style>\n\t<\/div>\n\t\n\t<div id=\"text-2779848871\" class=\"text\">\n\t\t\n\n<p class=\"translation-block\">Constru Kom was founded in 2009 and is a <strong>consulting company<\/strong> in engineering and civil construction, based on a <strong>long experience<\/strong> acquired in the construction and rehabilitation of buildings.<\/p>\n\t\t\n<style>\n#text-2779848871 {\n  color: rgb(255, 255, 255);\n}\n#text-2779848871 > * {\n  color: rgb(255, 255, 255);\n}\n<\/style>\n\t<\/div>\n\t\n\t<div id=\"gap-131143117\" class=\"gap-element clearfix\" style=\"display:block; height:auto;\">\n\t\t\n<style>\n#gap-131143117 {\n  padding-top: 30px;\n}\n<\/style>\n\t<\/div>\n\t\n\n\n\t\t<\/div>\n\t<\/div>\n\t\n\t\n<a href=\"\/en\/sobre-nos\/quem-somos\/\" class=\"button secondary is-large\"  style=\"border-radius:4px;\">\n\t\t<span>Read more<\/span>\n\t<\/a>\n\n\n\n\t\t<\/div>\n\t\t\t\t\t<\/div>\n\n\t\n\n\t<div id=\"col-1553910029\" class=\"col medium-6 small-12 large-6\"  data-animate=\"fadeInUp\">\n\t\t\t\t<div class=\"col-inner\" style=\"background-color:#4c5f6a;\" data-parallax-fade=\"true\" data-parallax=\"1\">\n\t\t\t\n\t\t\t\n\n\n\t\t<div class=\"icon-box featured-box icon-box-top text-left\"  >\n\t\t\t\t\t<div class=\"icon-box-img\" style=\"width: 60px\">\n\t\t\t\t<div class=\"icon\">\n\t\t\t\t\t<div class=\"icon-inner\" >\n\t\t\t\t\t\t<img loading=\"lazy\" decoding=\"async\" width=\"1\" height=\"1\" src=\"https:\/\/const-dev.audosys.com\/wp-content\/uploads\/2024\/05\/icon7.svg\" class=\"attachment-medium size-medium\" alt=\"\" \/>\t\t\t\t\t<\/div>\n\t\t\t\t<\/div>\n\t\t\t<\/div>\n\t\t\t\t<div class=\"icon-box-text last-reset\">\n\t\t\t\t\t\t\t\t\t\n\n\t<div id=\"text-3241831824\" class=\"text\">\n\t\t\n\n<h3><strong>Testimonials<\/strong><\/h3>\n\t\t\n<style>\n#text-3241831824 {\n  font-size: 1.3rem;\n  color: rgb(255, 255, 255);\n}\n#text-3241831824 > * {\n  color: rgb(255, 255, 255);\n}\n<\/style>\n\t<\/div>\n\t\n\t<div id=\"text-851627680\" class=\"text\">\n\t\t\n\n<p>Find here reports from satisfied clients who shared their positive experiences with our consultancy services.<\/p>\n\t\t\n<style>\n#text-851627680 {\n  color: rgb(255, 255, 255);\n}\n#text-851627680 > * {\n  color: rgb(255, 255, 255);\n}\n<\/style>\n\t<\/div>\n\t\n\t<div id=\"gap-2052606609\" class=\"gap-element clearfix\" style=\"display:block; height:auto;\">\n\t\t\n<style>\n#gap-2052606609 {\n  padding-top: 30px;\n}\n<\/style>\n\t<\/div>\n\t\n\n\n\t\t<\/div>\n\t<\/div>\n\t\n\t\n<a href=\"\/en\/sobre-nos\/testemunhos\/\" class=\"button secondary is-large\"  style=\"border-radius:4px;\">\n\t\t<span>Read more<\/span>\n\t<\/a>\n\n\n\n\t\t<\/div>\n\t\t\t\t\t<\/div>\n\n\t\n\n\n<style>\n#row-137438117 > .col > .col-inner {\n  padding: 40px 40px 40px 40px;\n}\n<\/style>\n<\/div>\n<div class=\"row align-equal align-center\"  id=\"row-372775994\">\n\n\n\t<div id=\"col-500405812\" class=\"col medium-6 small-12 large-6\"  data-animate=\"fadeInUp\">\n\t\t\t\t<div class=\"col-inner\" style=\"background-color:#4c5f6a;\" data-parallax-fade=\"true\" data-parallax=\"1\">\n\t\t\t\n\t\t\t\n\n\n\t\t<div class=\"icon-box featured-box icon-box-top text-left\"  >\n\t\t\t\t\t<div class=\"icon-box-img\" style=\"width: 60px\">\n\t\t\t\t<div class=\"icon\">\n\t\t\t\t\t<div class=\"icon-inner\" >\n\t\t\t\t\t\t<img loading=\"lazy\" decoding=\"async\" width=\"1\" height=\"1\" src=\"https:\/\/const-dev.audosys.com\/wp-content\/uploads\/2024\/05\/icon8.svg\" class=\"attachment-medium size-medium\" alt=\"\" \/>\t\t\t\t\t<\/div>\n\t\t\t\t<\/div>\n\t\t\t<\/div>\n\t\t\t\t<div class=\"icon-box-text last-reset\">\n\t\t\t\t\t\t\t\t\t\n\n\t<div id=\"text-2790201394\" class=\"text\">\n\t\t\n\n<h3><strong>Mission, Vision, Values and Commitments<\/strong><\/h3>\n\t\t\n<style>\n#text-2790201394 {\n  font-size: 1.3rem;\n  color: rgb(255, 255, 255);\n}\n#text-2790201394 > * {\n  color: rgb(255, 255, 255);\n}\n<\/style>\n\t<\/div>\n\t\n\t<div id=\"text-1472343322\" class=\"text\">\n\t\t\n\n<p class=\"translation-block\">Constru Kom is a service company whose mission is to help clients to make <strong>decisions based on technical knowledge<\/strong> before building or remodeling their homes.<\/p>\n\t\t\n<style>\n#text-1472343322 {\n  color: rgb(255, 255, 255);\n}\n#text-1472343322 > * {\n  color: rgb(255, 255, 255);\n}\n<\/style>\n\t<\/div>\n\t\n\t<div id=\"gap-1251608354\" class=\"gap-element clearfix\" style=\"display:block; height:auto;\">\n\t\t\n<style>\n#gap-1251608354 {\n  padding-top: 30px;\n}\n<\/style>\n\t<\/div>\n\t\n\n\n\t\t<\/div>\n\t<\/div>\n\t\n\t\n<a href=\"\/en\/sobre-nos\/missao-visao-valores-e-compromissos\/\" class=\"button secondary is-large\"  style=\"border-radius:4px;\">\n\t\t<span>Read more<\/span>\n\t<\/a>\n\n\n\n\t\t<\/div>\n\t\t\t\t\t<\/div>\n\n\t\n\n\t<div id=\"col-936414221\" class=\"col medium-6 small-12 large-6\"  data-animate=\"fadeInUp\">\n\t\t\t\t<div class=\"col-inner\" style=\"background-color:#4c5f6a;\" data-parallax-fade=\"true\" data-parallax=\"1\">\n\t\t\t\n\t\t\t\n\n\n\t\t<div class=\"icon-box featured-box icon-box-top text-left\"  >\n\t\t\t\t\t<div class=\"icon-box-img\" style=\"width: 60px\">\n\t\t\t\t<div class=\"icon\">\n\t\t\t\t\t<div class=\"icon-inner\" >\n\t\t\t\t\t\t<img loading=\"lazy\" decoding=\"async\" width=\"1\" height=\"1\" src=\"https:\/\/const-dev.audosys.com\/wp-content\/uploads\/2024\/05\/icon9.svg\" class=\"attachment-medium size-medium\" alt=\"\" \/>\t\t\t\t\t<\/div>\n\t\t\t\t<\/div>\n\t\t\t<\/div>\n\t\t\t\t<div class=\"icon-box-text last-reset\">\n\t\t\t\t\t\t\t\t\t\n\n\t<div id=\"text-269213853\" class=\"text\">\n\t\t\n\n<h3><strong>History<\/strong><\/h3>\n\t\t\n<style>\n#text-269213853 {\n  font-size: 1.3rem;\n  color: rgb(255, 255, 255);\n}\n#text-269213853 > * {\n  color: rgb(255, 255, 255);\n}\n<\/style>\n\t<\/div>\n\t\n\t<div id=\"text-1609094332\" class=\"text\">\n\t\t\n\n<p>The interest and dedication to construction began in 1987, when Mr. Manuel dos Santos Guerreiro founded the company: Manuel dos Santos Guerreiro Revestimentos e Decora\u00e7\u00f5es in Gr\u00e2ndola.<\/p>\n\t\t\n<style>\n#text-1609094332 {\n  color: rgb(255, 255, 255);\n}\n#text-1609094332 > * {\n  color: rgb(255, 255, 255);\n}\n<\/style>\n\t<\/div>\n\t\n\t<div id=\"gap-13705538\" class=\"gap-element clearfix\" style=\"display:block; height:auto;\">\n\t\t\n<style>\n#gap-13705538 {\n  padding-top: 30px;\n}\n<\/style>\n\t<\/div>\n\t\n\n\n\t\t<\/div>\n\t<\/div>\n\t\n\t\n<a href=\"\/en\/sobre-nos\/historia\/\" class=\"button secondary is-large\"  style=\"border-radius:4px;\">\n\t\t<span>Read more<\/span>\n\t<\/a>\n\n\n\n\t\t<\/div>\n\t\t\t\t\t<\/div>\n\n\t\n\n\n<style>\n#row-372775994 > .col > .col-inner {\n  padding: 40px 40px 40px 40px;\n}\n<\/style>\n<\/div>\n\t<div id=\"gap-184128879\" class=\"gap-element clearfix\" style=\"display:block; height:auto;\">\n\t\t\n<style>\n#gap-184128879 {\n  padding-top: 30px;\n}\n<\/style>\n\t<\/div>\n\t\n\n\n\t\t<\/div>\n\n\t\t\n<style>\n#section_1190811045 {\n  padding-top: 30px;\n  padding-bottom: 30px;\n  background-color: rgb(255, 255, 255);\n}\n<\/style>\n\t<\/section>\n\t\n<div class=\"message-box relative\" style=\"padding-top:30px;padding-bottom:30px;\"><div class=\"message-box-bg-image bg-fill fill\" ><\/div><div class=\"message-box-bg-overlay bg-fill fill\" style=\"background-color:rgb(210, 222, 228);\"><\/div><div class=\"container relative\"><div class=\"inner last-reset\">\n\n<div class=\"row row-collapse align-middle\"  id=\"row-1721967626\">\n\n\n\t<div id=\"col-1202634334\" class=\"col medium-7 small-12 large-7\"  >\n\t\t\t\t<div class=\"col-inner text-left\"  >\n\t\t\t\n\t\t\t\n\n\t<div id=\"text-107125436\" class=\"text\">\n\t\t\n\n<h3><strong>Stay up to date with the news!<\/strong><\/h3>\n\t\t\n<style>\n#text-107125436 {\n  font-size: 1.2rem;\n  text-align: center;\n  color: rgb(76, 95, 106);\n}\n#text-107125436 > * {\n  color: rgb(76, 95, 106);\n}\n@media (min-width:550px) {\n  #text-107125436 {\n    font-size: 1.2rem;\n    text-align: left;\n  }\n}\n@media (min-width:850px) {\n  #text-107125436 {\n    font-size: 1.4rem;\n  }\n}\n<\/style>\n\t<\/div>\n\t\n\n\t\t<\/div>\n\t\t\t\t\n<style>\n#col-1202634334 > .col-inner {\n  margin: 0px 0px -15px 0px;\n}\n<\/style>\n\t<\/div>\n\n\t\n\n\t<div id=\"col-1460957369\" class=\"col medium-5 small-12 large-5\"  >\n\t\t\t\t<div class=\"col-inner text-center\"  >\n\t\t\t\n\t\t\t\n\n\t<div id=\"gap-1978569691\" class=\"gap-element clearfix\" style=\"display:block; height:auto;\">\n\t\t\n<style>\n#gap-1978569691 {\n  padding-top: 30px;\n}\n@media (min-width:550px) {\n  #gap-1978569691 {\n    padding-top: 0px;\n  }\n}\n@media (min-width:850px) {\n  #gap-1978569691 {\n    padding-top: 0px;\n  }\n}\n<\/style>\n\t<\/div>\n\t\n\n\n<div class=\"wpcf7 no-js\" id=\"wpcf7-f1787-o1\" lang=\"pt-PT\" dir=\"ltr\" data-wpcf7-id=\"1787\">\n<div class=\"screen-reader-response\"><p role=\"status\" aria-live=\"polite\" aria-atomic=\"true\"><\/p> <ul><\/ul><\/div>\n<form action=\"\/en\/wp-json\/wp\/v2\/pages\/405#wpcf7-f1787-o1\" method=\"post\" class=\"wpcf7-form init\" aria-label=\"Formul\u00e1rio de contacto\" novalidate=\"novalidate\" data-status=\"init\" data-trp-original-action=\"\/en\/wp-json\/wp\/v2\/pages\/405#wpcf7-f1787-o1\">\n<div style=\"display: none;\">\n<input type=\"hidden\" name=\"_wpcf7\" value=\"1787\" \/>\n<input type=\"hidden\" name=\"_wpcf7_version\" value=\"6.0.3\" \/>\n<input type=\"hidden\" name=\"_wpcf7_locale\" value=\"pt_PT\" \/>\n<input type=\"hidden\" name=\"_wpcf7_unit_tag\" value=\"wpcf7-f1787-o1\" \/>\n<input type=\"hidden\" name=\"_wpcf7_container_post\" value=\"0\" \/>\n<input type=\"hidden\" name=\"_wpcf7_posted_data_hash\" value=\"\" \/>\n<\/div>\n<div class=\"flex-row medium-flex-wrap\">\n\t<div class=\"flex-col flex-grow\">\n\t\t<p><span class=\"wpcf7-form-control-wrap\" data-name=\"your-email\"><input size=\"40\" maxlength=\"400\" class=\"wpcf7-form-control wpcf7-email wpcf7-validates-as-required wpcf7-text wpcf7-validates-as-email\" aria-required=\"true\" aria-invalid=\"false\" placeholder=\"Email\" value=\"\" type=\"email\" name=\"your-email\" \/><\/span>\n\t\t<\/p>\n\t<\/div>\n\t<div class=\"flex-col\">\n\t\t<p><input type=\"submit\" value=\"Subscribe\" class=\"button-sec submit-nl expand\" \/>\n\t\t<\/p>\n\t<\/div>\n<\/div><div class=\"wpcf7-response-output\" aria-hidden=\"true\"><\/div>\n<input type=\"hidden\" name=\"trp-form-language\" value=\"en\"\/><\/form>\n<\/div>\n\n\n\n\t\t<\/div>\n\t\t\t\t\t<\/div>\n\n\t\n\n<\/div>\n\n<\/div><\/div><\/div>","protected":false},"excerpt":{"rendered":"","protected":false},"author":3,"featured_media":0,"parent":0,"menu_order":2,"comment_status":"closed","ping_status":"closed","template":"page-transparent-header-light.php","meta":{"footnotes":""},"class_list":["post-405","page","type-page","status-publish","hentry"],"_links":{"self":[{"href":"https:\/\/const-dev.audosys.com\/en\/wp-json\/wp\/v2\/pages\/405","targetHints":{"allow":["GET"]}}],"collection":[{"href":"https:\/\/const-dev.audosys.com\/en\/wp-json\/wp\/v2\/pages"}],"about":[{"href":"https:\/\/const-dev.audosys.com\/en\/wp-json\/wp\/v2\/types\/page"}],"author":[{"embeddable":true,"href":"https:\/\/const-dev.audosys.com\/en\/wp-json\/wp\/v2\/users\/3"}],"replies":[{"embeddable":true,"href":"https:\/\/const-dev.audosys.com\/en\/wp-json\/wp\/v2\/comments?post=405"}],"version-history":[{"count":120,"href":"https:\/\/const-dev.audosys.com\/en\/wp-json\/wp\/v2\/pages\/405\/revisions"}],"predecessor-version":[{"id":2861,"href":"https:\/\/const-dev.audosys.com\/en\/wp-json\/wp\/v2\/pages\/405\/revisions\/2861"}],"wp:attachment":[{"href":"https:\/\/const-dev.audosys.com\/en\/wp-json\/wp\/v2\/media?parent=405"}],"curies":[{"name":"wp","href":"https:\/\/api.w.org\/{rel}","templated":true}]}}