{"id":3,"date":"2024-05-22T10:33:36","date_gmt":"2024-05-22T10:33:36","guid":{"rendered":"https:\/\/const-dev.audosys.com\/?page_id=3"},"modified":"2024-08-22T10:49:08","modified_gmt":"2024-08-22T10:49:08","slug":"politica-de-privacidade-e-cookies","status":"publish","type":"page","link":"https:\/\/const-dev.audosys.com\/en\/politica-de-privacidade-e-cookies\/","title":{"rendered":"Privacy and Cookies Policy"},"content":{"rendered":"<h2 class=\"wp-block-heading\">Pol\u00edtica de Privacidade<\/h2>\n\n\n\n<p>\u00daltima atualiza\u00e7\u00e3o em 22 AGO 2024<\/p>\n\n\n\n<p>Esta Pol\u00edtica de Privacidade descreve as pol\u00edticas da Constru Kom 321 &#8211; Constru\u00e7\u00e3o e Engenharia, Unipessoal Lda, sediada na Rua 25 de Abril, N\u00ba 1H &#8211; Bairro das Amoreiras, 7570-163 Gr\u00e2ndola, Portugal, com o email <a href=\"mailto:construkom321@gmail.com\">construkom321@gmail.com<\/a>, com o telefone +351931620183, sobre a recolha, utiliza\u00e7\u00e3o e divulga\u00e7\u00e3o das suas informa\u00e7\u00f5es que recolhemos quando utiliza o nosso website (<a href=\"https:\/\/construkom.pt\">https:\/\/construkom.pt<\/a>), doravante designada como o \u201cServi\u00e7o\u201d.<\/p>\n\n\n\n<p>Ao aceder ou utilizar o Servi\u00e7o, o utilizador est\u00e1 a consentir a recolha, utiliza\u00e7\u00e3o e divulga\u00e7\u00e3o das suas informa\u00e7\u00f5es de acordo com a presente Pol\u00edtica de Privacidade. Se n\u00e3o concordar com o mesmo, n\u00e3o aceda ou utilize o Servi\u00e7o.<\/p>\n\n\n\n<p>Podemos modificar esta Pol\u00edtica de Privacidade em qualquer altura sem qualquer aviso pr\u00e9vio ao utilizador e publicaremos a Pol\u00edtica de Privacidade revista no Servi\u00e7o. A Pol\u00edtica revista entrar\u00e1 em vigor 180 dias ap\u00f3s a publica\u00e7\u00e3o da Pol\u00edtica revista no Servi\u00e7o e o seu acesso ou utiliza\u00e7\u00e3o continuada do Servi\u00e7o ap\u00f3s esse per\u00edodo constituir\u00e1 a sua aceita\u00e7\u00e3o da Pol\u00edtica de Privacidade revista. Por conseguinte, recomendamos que reveja periodicamente esta p\u00e1gina.<\/p>\n\n\n\n<h3 class=\"wp-block-heading\">Informa\u00e7\u00f5es que recolhemos<\/h3>\n\n\n\n<p>Iremos recolher e processar as seguintes informa\u00e7\u00f5es pessoais sobre o utilizador:<\/p>\n\n\n\n<ul class=\"wp-block-list\">\n<li>Name<\/li>\n\n\n\n<li>Email<\/li>\n\n\n\n<li>Telephone<\/li>\n<\/ul>\n\n\n\n<h3 class=\"wp-block-heading\">Como utilizamos as suas informa\u00e7\u00f5es<\/h3>\n\n\n\n<p>Utilizaremos as informa\u00e7\u00f5es que recolhemos sobre o utilizador para os seguintes fins:<\/p>\n\n\n\n<ul class=\"wp-block-list\">\n<li>Marketing\/Promocional<\/li>\n\n\n\n<li>Testimonials<\/li>\n\n\n\n<li>Recolha de feedback de clientes<\/li>\n\n\n\n<li>Suporte<\/li>\n\n\n\n<li>Informa\u00e7\u00e3o administrativa<\/li>\n<\/ul>\n\n\n\n<p>Se pretendermos utilizar as suas informa\u00e7\u00f5es para qualquer outro fim, solicitaremos o seu consentimento e utilizaremos as suas informa\u00e7\u00f5es apenas depois de recebermos o seu consentimento e, em seguida, apenas para o(s) fim(ns) para o(s) qual(is) o consentimento foi concedido, a menos que sejamos obrigados por lei a fazer o contr\u00e1rio.<\/p>\n\n\n\n<h3 class=\"wp-block-heading\">Como partilhamos as suas informa\u00e7\u00f5es<\/h3>\n\n\n\n<p>N\u00e3o transferiremos as suas informa\u00e7\u00f5es pessoais para terceiros sem o seu consentimento, exceto em circunst\u00e2ncias limitadas, conforme descrito abaixo:<\/p>\n\n\n\n<ul class=\"wp-block-list\">\n<li>An\u00e1lises<\/li>\n\n\n\n<li>Recolha e processamento de dados<\/li>\n<\/ul>\n\n\n\n<p>Exigimos que esses terceiros utilizem as informa\u00e7\u00f5es pessoais que lhes transferimos apenas para a finalidade para a qual foram transferidas e que n\u00e3o as conservem por mais tempo do que o necess\u00e1rio para cumprir a referida finalidade.<\/p>\n\n\n\n<p>Tamb\u00e9m podemos divulgar as informa\u00e7\u00f5es pessoais do utilizador para os seguintes fins:<\/p>\n\n\n\n<ol class=\"wp-block-list\">\n<li>para cumprir a lei aplic\u00e1vel, regulamento, ordem judicial ou outro processo legal;<\/li>\n\n\n\n<li>para fazer cumprir os seus acordos connosco, incluindo esta Pol\u00edtica de Privacidade; ou<\/li>\n\n\n\n<li>para responder a reclama\u00e7\u00f5es de que a sua utiliza\u00e7\u00e3o do Servi\u00e7o viola quaisquer direitos de terceiros.<\/li>\n<\/ol>\n\n\n\n<p>Se o Servi\u00e7o ou a nossa empresa for fundido ou adquirido por outra empresa, as suas informa\u00e7\u00f5es ser\u00e3o um dos activos transferidos para o novo propriet\u00e1rio.<\/p>\n\n\n\n<h3 class=\"wp-block-heading\">Reten\u00e7\u00e3o das suas informa\u00e7\u00f5es<\/h3>\n\n\n\n<p>Manteremos as suas informa\u00e7\u00f5es pessoais connosco durante o per\u00edodo de tempo necess\u00e1rio para cumprir os objectivos para os quais foram recolhidas, conforme detalhado nesta Pol\u00edtica de Privacidade. Poderemos ter de reter determinadas informa\u00e7\u00f5es por per\u00edodos mais longos, como a manuten\u00e7\u00e3o de registos\/relat\u00f3rios de acordo com a legisla\u00e7\u00e3o aplic\u00e1vel ou por outras raz\u00f5es leg\u00edtimas, como a aplica\u00e7\u00e3o de direitos legais, a preven\u00e7\u00e3o de fraudes, etc. As informa\u00e7\u00f5es an\u00f3nimas residuais e as informa\u00e7\u00f5es agregadas, nenhuma das quais o identifica (direta ou indiretamente), podem ser armazenadas indefinidamente.<\/p>\n\n\n\n<h3 class=\"wp-block-heading\">Os seus direitos<\/h3>\n\n\n\n<p>Dependendo da lei aplic\u00e1vel, pode ter o direito de aceder e retificar ou apagar os seus dados pessoais ou receber uma c\u00f3pia dos seus dados pessoais, restringir ou opor-se ao processamento ativo dos seus dados, pedir-nos para partilhar (portar) as suas informa\u00e7\u00f5es pessoais com outra entidade, retirar qualquer consentimento que nos tenha dado para processar os seus dados, o direito de apresentar uma queixa junto de uma autoridade estatut\u00e1ria e outros direitos que possam ser relevantes ao abrigo da legisla\u00e7\u00e3o aplic\u00e1vel. Para exercer estes direitos, pode escrever-nos para&nbsp;<a href=\"mailto:construkom@gmail.com\">construkom@gmail.com<\/a>. Responderemos ao seu pedido em conformidade com a legisla\u00e7\u00e3o aplic\u00e1vel.<\/p>\n\n\n\n<p>Tenha em aten\u00e7\u00e3o que, se n\u00e3o nos autorizar a recolher ou processar as informa\u00e7\u00f5es pessoais necess\u00e1rias ou se retirar o consentimento para o processamento das mesmas para os fins pretendidos, poder\u00e1 n\u00e3o conseguir aceder ou utilizar os servi\u00e7os para os quais as suas informa\u00e7\u00f5es foram solicitadas.<\/p>\n\n\n\n<h3 class=\"wp-block-heading\">Seguran\u00e7a<\/h3>\n\n\n\n<p>A seguran\u00e7a das suas informa\u00e7\u00f5es \u00e9 importante para n\u00f3s e utilizaremos medidas de seguran\u00e7a razo\u00e1veis para evitar a perda, utiliza\u00e7\u00e3o indevida ou altera\u00e7\u00e3o n\u00e3o autorizada das suas informa\u00e7\u00f5es sob o nosso controlo. No entanto, dados os riscos inerentes, n\u00e3o podemos garantir seguran\u00e7a absoluta e, consequentemente, n\u00e3o podemos assegurar ou garantir a seguran\u00e7a de qualquer informa\u00e7\u00e3o que nos transmita e f\u00e1-lo-\u00e1 por sua conta e risco.<\/p>\n\n\n\n<h3 class=\"wp-block-heading\">Links de terceiros e utiliza\u00e7\u00e3o das suas informa\u00e7\u00f5es<\/h3>\n\n\n\n<p>O nosso Servi\u00e7o pode conter liga\u00e7\u00f5es a outros websites que n\u00e3o s\u00e3o operados por n\u00f3s. Esta Pol\u00edtica de Privacidade n\u00e3o aborda a pol\u00edtica de privacidade e outras pr\u00e1ticas de terceiros, incluindo terceiros que operem qualquer website ou servi\u00e7o que possa ser acedido atrav\u00e9s de uma liga\u00e7\u00e3o no Servi\u00e7o. Aconselhamos vivamente o utilizador a rever a pol\u00edtica de privacidade de todos os sites que visita. N\u00e3o temos qualquer controlo e n\u00e3o assumimos qualquer responsabilidade pelo conte\u00fado, pol\u00edticas de privacidade ou pr\u00e1ticas de quaisquer sites ou servi\u00e7os de terceiros.<\/p>\n\n\n\n<p>Este site est\u00e1 protegido pelo reCAPTCHA e aplicam-se a sua&nbsp;<a href=\"https:\/\/policies.google.com\/privacy\">Pol\u00edtica de Privacidade<\/a>&nbsp;e&nbsp;<a href=\"https:\/\/policies.google.com\/terms\">Termos do Servi\u00e7o<\/a>.<\/p>\n\n\n\n<h3 class=\"wp-block-heading\">Reclama\u00e7\u00e3o \/ Respons\u00e1vel pela prote\u00e7\u00e3o de dados<\/h3>\n\n\n\n<p>Se tiver alguma d\u00favida ou quest\u00e3o sobre o processamento das suas informa\u00e7\u00f5es que est\u00e3o dispon\u00edveis connosco, pode enviar um e-mail para o nosso Respons\u00e1vel pela Reclama\u00e7\u00e3o na Constru Kom 321 &#8211; Constru\u00e7\u00e3o e Engenharia, Unipessoal Lda, sediada na Rua 25 de Abril, N\u00ba 1H &#8211; Bairro das Amoreiras, 7570-163 Gr\u00e2ndola, Portugal, com o email <a href=\"mailto:construkom321@gmail.com\">construkom321@gmail.com<\/a>. Trataremos das suas quest\u00f5es de acordo com a legisla\u00e7\u00e3o aplic\u00e1vel.<\/p>\n\n\n\n<div style=\"height:70px\" aria-hidden=\"true\" class=\"wp-block-spacer\"><\/div>\n\n\n\n<h2 class=\"wp-block-heading\">Pol\u00edtica de Cookies<\/h2>\n\n\n\n<p>\u00daltima atualiza\u00e7\u00e3o em 22 AGO 2024<\/p>\n\n\n\n<h3 class=\"wp-block-heading\">O que s\u00e3o cookies?<\/h3>\n\n\n\n<p>Esta Pol\u00edtica de Cookies explica o que s\u00e3o cookies e como os utilizamos, os tipos de cookies que utilizamos, ou seja, as informa\u00e7\u00f5es que recolhemos utilizando cookies e como essas informa\u00e7\u00f5es s\u00e3o utilizadas, e como gerir as defini\u00e7\u00f5es de cookies.<\/p>\n\n\n\n<p>Os cookies s\u00e3o pequenos ficheiros de texto que s\u00e3o utilizados para armazenar pequenas informa\u00e7\u00f5es. S\u00e3o armazenados no seu dispositivo quando o website \u00e9 carregado no seu navegador. Estes cookies ajudam-nos a fazer com que o s\u00edtio Web funcione corretamente, a torn\u00e1-lo mais seguro, a proporcionar uma melhor experi\u00eancia ao utilizador e a compreender o desempenho do website, bem como a analisar o que funciona e onde \u00e9 necess\u00e1rio melhorar.<\/p>\n\n\n\n<h3 class=\"wp-block-heading\">Como \u00e9 que utilizamos os cookies?<\/h3>\n\n\n\n<p>Tal como a maioria dos servi\u00e7os em linha, o nosso website utiliza cookies pr\u00f3prios e de terceiros para diversos fins. Os cookies pr\u00f3prios s\u00e3o necess\u00e1rios para que o s\u00edtio Web funcione corretamente e n\u00e3o recolhem quaisquer dados pessoais identific\u00e1veis do utilizador.<\/p>\n\n\n\n<p>Os cookies de terceiros utilizados no nosso website destinam-se principalmente a compreender o desempenho do website, a forma como o utilizador interage com o nosso website, a manter os nossos servi\u00e7os seguros, a fornecer an\u00fancios relevantes para o utilizador e, em suma, a proporcionar-lhe uma experi\u00eancia de utilizador melhor e mais aperfei\u00e7oada e a ajudar a acelerar as suas futuras interac\u00e7\u00f5es com o nosso website.<\/p>","protected":false},"excerpt":{"rendered":"<p>Pol\u00edtica de Privacidade \u00daltima atualiza\u00e7\u00e3o em 22 AGO 2024 Esta Pol\u00edtica de Privacidade descreve as pol\u00edticas da Constru Kom 321 &#8211; Constru\u00e7\u00e3o e Engenharia, Unipessoal Lda, sediada na Rua 25 de Abril, N\u00ba 1H &#8211; Bairro das Amoreiras, 7570-163 Gr\u00e2ndola, Portugal, com o email construkom321@gmail.com, com o telefone +351931620183, sobre a recolha, utiliza\u00e7\u00e3o e divulga\u00e7\u00e3o [&#8230;]","protected":false},"author":3,"featured_media":0,"parent":0,"menu_order":7,"comment_status":"closed","ping_status":"closed","template":"","meta":{"footnotes":""},"class_list":["post-3","page","type-page","status-publish","hentry"],"_links":{"self":[{"href":"https:\/\/const-dev.audosys.com\/en\/wp-json\/wp\/v2\/pages\/3","targetHints":{"allow":["GET"]}}],"collection":[{"href":"https:\/\/const-dev.audosys.com\/en\/wp-json\/wp\/v2\/pages"}],"about":[{"href":"https:\/\/const-dev.audosys.com\/en\/wp-json\/wp\/v2\/types\/page"}],"author":[{"embeddable":true,"href":"https:\/\/const-dev.audosys.com\/en\/wp-json\/wp\/v2\/users\/3"}],"replies":[{"embeddable":true,"href":"https:\/\/const-dev.audosys.com\/en\/wp-json\/wp\/v2\/comments?post=3"}],"version-history":[{"count":4,"href":"https:\/\/const-dev.audosys.com\/en\/wp-json\/wp\/v2\/pages\/3\/revisions"}],"predecessor-version":[{"id":2971,"href":"https:\/\/const-dev.audosys.com\/en\/wp-json\/wp\/v2\/pages\/3\/revisions\/2971"}],"wp:attachment":[{"href":"https:\/\/const-dev.audosys.com\/en\/wp-json\/wp\/v2\/media?parent=3"}],"curies":[{"name":"wp","href":"https:\/\/api.w.org\/{rel}","templated":true}]}}