{"id":1308,"date":"2024-06-03T09:20:47","date_gmt":"2024-06-03T09:20:47","guid":{"rendered":"https:\/\/const-dev.audosys.com\/?page_id=1308"},"modified":"2024-08-22T10:38:10","modified_gmt":"2024-08-22T10:38:10","slug":"faq","status":"publish","type":"page","link":"https:\/\/const-dev.audosys.com\/en\/faq\/","title":{"rendered":"FAQ"},"content":{"rendered":"<section class=\"section has-parallax\" id=\"section_297009729\">\n\t\t<div class=\"section-bg fill\" data-parallax-container=\".section\" data-parallax-background data-parallax=\"-3\">\n\t\t\t<img loading=\"lazy\" decoding=\"async\" width=\"1920\" height=\"1280\" src=\"https:\/\/const-dev.audosys.com\/wp-content\/uploads\/2024\/05\/opinion-poll-1594962_1920.jpg\" class=\"bg attachment- size-\" alt=\"\" \/>\t\t\t\t\t\t<div class=\"section-bg-overlay absolute fill\"><\/div>\n\t\t\t\n\n\t\t<\/div>\n\n\t\t\n\n\t\t<div class=\"section-content relative\">\n\t\t\t\n\n\t<div id=\"gap-540970918\" class=\"gap-element clearfix\" style=\"display:block; height:auto;\">\n\t\t\n<style>\n#gap-540970918 {\n  padding-top: 240px;\n}\n<\/style>\n\t<\/div>\n\t\n\n<div class=\"row\"  id=\"row-1163052069\">\n\n\n\t<div id=\"col-625742744\" class=\"col medium-9 small-12 large-9\"  data-animate=\"blurIn\">\n\t\t\t\t<div class=\"col-inner\"  data-parallax-fade=\"true\" data-parallax=\"3\">\n\t\t\t\n\t\t\t\n\n\t<div id=\"text-3610452375\" class=\"text\">\n\t\t\n\n<h1><strong>Frequently Asked Questions<\/strong><\/h1>\n\t\t\n<style>\n#text-3610452375 {\n  font-size: 1.6rem;\n  line-height: 1.4;\n  text-align: center;\n  color: rgb(255, 255, 255);\n}\n#text-3610452375 > * {\n  color: rgb(255, 255, 255);\n}\n@media (min-width:550px) {\n  #text-3610452375 {\n    text-align: left;\n  }\n}\n<\/style>\n\t<\/div>\n\t\n\t<div id=\"text-1830790716\" class=\"text\">\n\t\t\n\n<p>Check this page for the answers to your questions.<\/p>\n\t\t\n<style>\n#text-1830790716 {\n  font-size: 1.2rem;\n  line-height: 1.4;\n  text-align: center;\n  color: rgb(255, 255, 255);\n}\n#text-1830790716 > * {\n  color: rgb(255, 255, 255);\n}\n@media (min-width:550px) {\n  #text-1830790716 {\n    text-align: left;\n  }\n}\n<\/style>\n\t<\/div>\n\t\n\n\t\t<\/div>\n\t\t\t\t\n<style>\n#col-625742744 > .col-inner {\n  margin: 0px 0px -50px 0px;\n}\n<\/style>\n\t<\/div>\n\n\t\n\n\n<style>\n#row-1163052069 > .col > .col-inner {\n  padding: 0px 0px 0px 0px;\n}\n@media (min-width:550px) {\n  #row-1163052069 > .col > .col-inner {\n    padding: 0px 0px 0px 20px;\n  }\n}\n<\/style>\n<\/div>\n\n\t\t<\/div>\n\n\t\t\n<style>\n#section_297009729 {\n  padding-top: 50px;\n  padding-bottom: 50px;\n}\n#section_297009729 .section-bg-overlay {\n  background-color: rgba(76, 95, 106, 0.6);\n}\n#section_297009729 .section-bg img {\n  object-position: 41% 55%;\n}\n<\/style>\n\t<\/section>\n\t\n\n\t<section class=\"section\" id=\"section_2137763373\">\n\t\t<div class=\"section-bg fill\" >\n\t\t\t\t\t\t\t\t\t\n\t\t\t\n\n\t\t<\/div>\n\n\t\t\n\n\t\t<div class=\"section-content relative\">\n\t\t\t\n\n<div class=\"row align-equal align-center\"  id=\"row-1941581465\">\n\n\n\t<div id=\"col-546929153\" class=\"col small-12 large-12\"  >\n\t\t\t\t<div class=\"col-inner\"  >\n\t\t\t\n\t\t\t\n\n<div class=\"accordion\">\n\n\t<div id=\"accordion-565235983\" class=\"accordion-item\">\n\t\t<a id=\"accordion-565235983-label\" class=\"accordion-title plain\" href=\"#accordion-item-o-que-faz-a-constru-kom-321?\" aria-expanded=\"false\" aria-controls=\"accordion-565235983-content\" >\n\t\t\t<button class=\"toggle\" aria-label=\"Toggle\"><i class=\"icon-angle-down\"><\/i><\/button>\n\t\t\t<span>What does Constru Kom 321 do?<\/span>\n\t\t<\/a>\n\t\t<div id=\"accordion-565235983-content\" class=\"accordion-inner\" aria-labelledby=\"accordion-565235983-label\" >\n\t\t\t\n\n\t<div id=\"text-986155006\" class=\"text\">\n\t\t\n\n<p>Constru Kom 321 provides consultancy services in engineering and construction; buying and selling property; technical expertise, energy efficiency assessments and engineering services.<\/p>\n\t\t\n<style>\n#text-986155006 {\n  font-size: 1rem;\n  line-height: 1.4;\n  text-align: left;\n  color: #4c5f6a;\n}\n#text-986155006 > * {\n  color: #4c5f6a;\n}\n@media (min-width:550px) {\n  #text-986155006 {\n    font-size: 1rem;\n  }\n}\n<\/style>\n\t<\/div>\n\t\n\n\t\t<\/div>\n\t<\/div>\n\t\n\t<div id=\"accordion-2028570666\" class=\"accordion-item\">\n\t\t<a id=\"accordion-2028570666-label\" class=\"accordion-title plain\" href=\"#accordion-item-pode-a-consultoria-na-\u00e1rea-de-engenharia-e-constru\u00e7\u00e3o-ajudar-a-otimizar-os-custos-do-projeto-de-constru\u00e7\u00e3o\/remodela\u00e7\u00e3o?\" aria-expanded=\"false\" aria-controls=\"accordion-2028570666-content\" >\n\t\t\t<button class=\"toggle\" aria-label=\"Toggle\"><i class=\"icon-angle-down\"><\/i><\/button>\n\t\t\t<span>Can engineering and construction consultancy help optimize the costs of a construction\/refurbishment project?<\/span>\n\t\t<\/a>\n\t\t<div id=\"accordion-2028570666-content\" class=\"accordion-inner\" aria-labelledby=\"accordion-2028570666-label\" >\n\t\t\t\n\n\t<div id=\"text-1472936757\" class=\"text\">\n\t\t\n\n<p>Yes, this is one of our main objectives. We can reduce construction\/remodeling costs by 5% to 30%. <\/p>\n\t\t\n<style>\n#text-1472936757 {\n  font-size: 1rem;\n  line-height: 1.4;\n  text-align: left;\n  color: #4c5f6a;\n}\n#text-1472936757 > * {\n  color: #4c5f6a;\n}\n@media (min-width:550px) {\n  #text-1472936757 {\n    font-size: 1rem;\n  }\n}\n<\/style>\n\t<\/div>\n\t\n\n\t\t<\/div>\n\t<\/div>\n\t\n\t<div id=\"accordion-3213281348\" class=\"accordion-item\">\n\t\t<a id=\"accordion-3213281348-label\" class=\"accordion-title plain\" href=\"#accordion-item-quais-s\u00e3o-os-benef\u00edcios-para-o-cliente-de-recorrer-aos-servi\u00e7os-da-constru-kom-321?\" aria-expanded=\"false\" aria-controls=\"accordion-3213281348-content\" >\n\t\t\t<button class=\"toggle\" aria-label=\"Toggle\"><i class=\"icon-angle-down\"><\/i><\/button>\n\t\t\t<span>What are the benefits for clients of using Constru Kom 321's services?<\/span>\n\t\t<\/a>\n\t\t<div id=\"accordion-3213281348-content\" class=\"accordion-inner\" aria-labelledby=\"accordion-3213281348-label\" >\n\t\t\t\n\n\t<div id=\"text-1744794325\" class=\"text\">\n\t\t\n\n<p>Clients benefit from the technical knowledge of specialists, enabling them to make better decisions, save money and improve the quality of construction.<\/p>\n\t\t\n<style>\n#text-1744794325 {\n  font-size: 1rem;\n  line-height: 1.4;\n  text-align: left;\n  color: #4c5f6a;\n}\n#text-1744794325 > * {\n  color: #4c5f6a;\n}\n@media (min-width:550px) {\n  #text-1744794325 {\n    font-size: 1rem;\n  }\n}\n<\/style>\n\t<\/div>\n\t\n\n\t\t<\/div>\n\t<\/div>\n\t\n\t<div id=\"accordion-3145134401\" class=\"accordion-item\">\n\t\t<a id=\"accordion-3145134401-label\" class=\"accordion-title plain\" href=\"#accordion-item-como-escolher-o-servi\u00e7o-certo-para-resolver-os-seus-problemas?\" aria-expanded=\"false\" aria-controls=\"accordion-3145134401-content\" >\n\t\t\t<button class=\"toggle\" aria-label=\"Toggle\"><i class=\"icon-angle-down\"><\/i><\/button>\n\t\t\t<span>How can you choose the right service to solve your problems?<\/span>\n\t\t<\/a>\n\t\t<div id=\"accordion-3145134401-content\" class=\"accordion-inner\" aria-labelledby=\"accordion-3145134401-label\" >\n\t\t\t\n\n\t<div id=\"text-538988602\" class=\"text\">\n\t\t\n\n<p>Contact us by e-mail: construkom321@gmail.com or by phone: 93 162 01 83.<\/p>\n\t\t\n<style>\n#text-538988602 {\n  font-size: 1rem;\n  line-height: 1.4;\n  text-align: left;\n  color: #4c5f6a;\n}\n#text-538988602 > * {\n  color: #4c5f6a;\n}\n@media (min-width:550px) {\n  #text-538988602 {\n    font-size: 1rem;\n  }\n}\n<\/style>\n\t<\/div>\n\t\n\n\t\t<\/div>\n\t<\/div>\n\t\n\t<div id=\"accordion-1684903928\" class=\"accordion-item\">\n\t\t<a id=\"accordion-1684903928-label\" class=\"accordion-title plain\" href=\"#accordion-item-qual-\u00e9-o-processo-de-trabalho-da-constru-kom-321?\" aria-expanded=\"false\" aria-controls=\"accordion-1684903928-content\" >\n\t\t\t<button class=\"toggle\" aria-label=\"Toggle\"><i class=\"icon-angle-down\"><\/i><\/button>\n\t\t\t<span>What is Constru Kom 321's workflow?<\/span>\n\t\t<\/a>\n\t\t<div id=\"accordion-1684903928-content\" class=\"accordion-inner\" aria-labelledby=\"accordion-1684903928-label\" >\n\t\t\t\n\n\t<div id=\"text-788394735\" class=\"text\">\n\t\t\n\n<p>We assess the specific needs of our clients and come up with solutions and proposals to solve their problems.<\/p>\n\t\t\n<style>\n#text-788394735 {\n  font-size: 1rem;\n  line-height: 1.4;\n  text-align: left;\n  color: #4c5f6a;\n}\n#text-788394735 > * {\n  color: #4c5f6a;\n}\n@media (min-width:550px) {\n  #text-788394735 {\n    font-size: 1rem;\n  }\n}\n<\/style>\n\t<\/div>\n\t\n\n\t\t<\/div>\n\t<\/div>\n\t\n\t<div id=\"accordion-3085387781\" class=\"accordion-item\">\n\t\t<a id=\"accordion-3085387781-label\" class=\"accordion-title plain\" href=\"#accordion-item-qual-\u00e9-o-prazo-de-entrega-de-um-or\u00e7amento?\" aria-expanded=\"false\" aria-controls=\"accordion-3085387781-content\" >\n\t\t\t<button class=\"toggle\" aria-label=\"Toggle\"><i class=\"icon-angle-down\"><\/i><\/button>\n\t\t\t<span>What is the delivery time for a quotation?<\/span>\n\t\t<\/a>\n\t\t<div id=\"accordion-3085387781-content\" class=\"accordion-inner\" aria-labelledby=\"accordion-3085387781-label\" >\n\t\t\t\n\n\t<div id=\"text-3595758730\" class=\"text\">\n\t\t\n\n<p>The deadline for a quotation will be adjusted to the client's needs, and depends on the complexity of the work to be carried out.<\/p>\n\t\t\n<style>\n#text-3595758730 {\n  font-size: 1rem;\n  line-height: 1.4;\n  text-align: left;\n  color: #4c5f6a;\n}\n#text-3595758730 > * {\n  color: #4c5f6a;\n}\n@media (min-width:550px) {\n  #text-3595758730 {\n    font-size: 1rem;\n  }\n}\n<\/style>\n\t<\/div>\n\t\n\n\t\t<\/div>\n\t<\/div>\n\t\n\t<div id=\"accordion-3966282666\" class=\"accordion-item\">\n\t\t<a id=\"accordion-3966282666-label\" class=\"accordion-title plain\" href=\"#accordion-item-os-or\u00e7amentos-t\u00eam-algum-custo?\" aria-expanded=\"false\" aria-controls=\"accordion-3966282666-content\" >\n\t\t\t<button class=\"toggle\" aria-label=\"Toggle\"><i class=\"icon-angle-down\"><\/i><\/button>\n\t\t\t<span>Do quotations cost anything?<\/span>\n\t\t<\/a>\n\t\t<div id=\"accordion-3966282666-content\" class=\"accordion-inner\" aria-labelledby=\"accordion-3966282666-label\" >\n\t\t\t\n\n\t<div id=\"text-3657666851\" class=\"text\">\n\t\t\n\n<p>Estimates are free of charge. If we need to travel outside the region of Gr\u00e2ndola and the surrounding area (20 km), we will indicate the cost.<\/p>\n\t\t\n<style>\n#text-3657666851 {\n  font-size: 1rem;\n  line-height: 1.4;\n  text-align: left;\n  color: #4c5f6a;\n}\n#text-3657666851 > * {\n  color: #4c5f6a;\n}\n@media (min-width:550px) {\n  #text-3657666851 {\n    font-size: 1rem;\n  }\n}\n<\/style>\n\t<\/div>\n\t\n\n\t\t<\/div>\n\t<\/div>\n\t\n\t<div id=\"accordion-2578603627\" class=\"accordion-item\">\n\t\t<a id=\"accordion-2578603627-label\" class=\"accordion-title plain\" href=\"#accordion-item-oferecem-servi\u00e7os-de-acompanhamento-durante-a-execu\u00e7\u00e3o-do-projeto?\" aria-expanded=\"false\" aria-controls=\"accordion-2578603627-content\" >\n\t\t\t<button class=\"toggle\" aria-label=\"Toggle\"><i class=\"icon-angle-down\"><\/i><\/button>\n\t\t\t<span>Do you offer supervision services during the project?<\/span>\n\t\t<\/a>\n\t\t<div id=\"accordion-2578603627-content\" class=\"accordion-inner\" aria-labelledby=\"accordion-2578603627-label\" >\n\t\t\t\n\n\t<div id=\"text-4031485769\" class=\"text\">\n\t\t\n\n<p>Yes, we supervise all phases of the work.<\/p>\n\t\t\n<style>\n#text-4031485769 {\n  font-size: 1rem;\n  line-height: 1.4;\n  text-align: left;\n  color: #4c5f6a;\n}\n#text-4031485769 > * {\n  color: #4c5f6a;\n}\n<\/style>\n\t<\/div>\n\t\n\n\t\t<\/div>\n\t<\/div>\n\t\n\t<div id=\"accordion-1522673614\" class=\"accordion-item\">\n\t\t<a id=\"accordion-1522673614-label\" class=\"accordion-title plain\" href=\"#accordion-item-t\u00eam-experi\u00eancia-espec\u00edfica-em-lidar-com-projetos-de-grande-escala-ou-complexidade?\" aria-expanded=\"false\" aria-controls=\"accordion-1522673614-content\" >\n\t\t\t<button class=\"toggle\" aria-label=\"Toggle\"><i class=\"icon-angle-down\"><\/i><\/button>\n\t\t\t<span>Do you have specific experience in dealing with large-scale or complex projects?<\/span>\n\t\t<\/a>\n\t\t<div id=\"accordion-1522673614-content\" class=\"accordion-inner\" aria-labelledby=\"accordion-1522673614-label\" >\n\t\t\t\n\n\t<div id=\"text-2499260494\" class=\"text\">\n\t\t\n\n<p>We have more than 35 years of experience in dealing with large and small projects.<\/p>\n\t\t\n<style>\n#text-2499260494 {\n  font-size: 1rem;\n  line-height: 1.4;\n  text-align: left;\n  color: rgb(76, 95, 106);\n}\n#text-2499260494 > * {\n  color: rgb(76, 95, 106);\n}\n<\/style>\n\t<\/div>\n\t\n\n\t\t<\/div>\n\t<\/div>\n\t\n\t<div id=\"accordion-1658312152\" class=\"accordion-item\">\n\t\t<a id=\"accordion-1658312152-label\" class=\"accordion-title plain\" href=\"#accordion-item-quais-s\u00e3o-as-principais-diferen\u00e7as-da-constru-kom-321-em-compara\u00e7\u00e3o-com-outras-empresas-de-consultoria-em- - engenharia-e-constru\u00e7\u00e3o?\" aria-expanded=\"false\" aria-controls=\"accordion-1658312152-content\" >\n\t\t\t<button class=\"toggle\" aria-label=\"Toggle\"><i class=\"icon-angle-down\"><\/i><\/button>\n\t\t\t<span>What are the main differences between Constru Kom 321 compared to other engineering and construction consultancies?<\/span>\n\t\t<\/a>\n\t\t<div id=\"accordion-1658312152-content\" class=\"accordion-inner\" aria-labelledby=\"accordion-1658312152-label\" >\n\t\t\t\n\n\t<div id=\"text-3650246750\" class=\"text\">\n\t\t\n\n<p>Operationality (we are present in the field) and the ability to react quickly.<\/p>\n\t\t\n<style>\n#text-3650246750 {\n  font-size: 1rem;\n  line-height: 1.4;\n  text-align: left;\n  color: rgb(76, 95, 106);\n}\n#text-3650246750 > * {\n  color: rgb(76, 95, 106);\n}\n<\/style>\n\t<\/div>\n\t\n\n\t\t<\/div>\n\t<\/div>\n\t\n\t<div id=\"accordion-397911436\" class=\"accordion-item\">\n\t\t<a id=\"accordion-397911436-label\" class=\"accordion-title plain\" href=\"#accordion-item-como-asseguram-a-qualidade-do-trabalho-realizado?\" aria-expanded=\"false\" aria-controls=\"accordion-397911436-content\" >\n\t\t\t<button class=\"toggle\" aria-label=\"Toggle\"><i class=\"icon-angle-down\"><\/i><\/button>\n\t\t\t<span>How do you ensure the quality of your work?<\/span>\n\t\t<\/a>\n\t\t<div id=\"accordion-397911436-content\" class=\"accordion-inner\" aria-labelledby=\"accordion-397911436-label\" >\n\t\t\t\n\n\t<div id=\"text-3140676674\" class=\"text\">\n\t\t\n\n<p>Through the use of certified technicians who are present onsite where the work takes place.<\/p>\n\t\t\n<style>\n#text-3140676674 {\n  font-size: 1rem;\n  line-height: 1.4;\n  text-align: left;\n  color: #4c5f6a;\n}\n#text-3140676674 > * {\n  color: #4c5f6a;\n}\n<\/style>\n\t<\/div>\n\t\n\n\t\t<\/div>\n\t<\/div>\n\t\n\n<\/div>\n\n\t\t<\/div>\n\t\t\t\t\t<\/div>\n\n\t\n\n\n<style>\n#row-1941581465 > .col > .col-inner {\n  padding: 30px 30px 30px 30px;\n}\n<\/style>\n<\/div>\n\n\t\t<\/div>\n\n\t\t\n<style>\n#section_2137763373 {\n  padding-top: 50px;\n  padding-bottom: 50px;\n}\n<\/style>\n\t<\/section>\n\t\n\n\t<section class=\"section\" id=\"section_515189051\">\n\t\t<div class=\"section-bg fill\" >\n\t\t\t\t\t\t\t\t\t\n\t\t\t\n\n\t\t<\/div>\n\n\t\t\n\n\t\t<div class=\"section-content relative\">\n\t\t\t\n\n<div class=\"row align-equal align-center\"  id=\"row-983488228\">\n\n\n\t<div id=\"col-696818020\" class=\"col small-12 large-12\"  >\n\t\t\t\t<div class=\"col-inner text-center\"  >\n\t\t\t\n\t\t\t\n\n\t<div id=\"text-2078487133\" class=\"text\">\n\t\t\n\n<h1><strong>Contact Us<\/strong><\/h1>\n\t\t\n<style>\n#text-2078487133 {\n  font-size: 1.6rem;\n  text-align: center;\n  color: rgb(255, 255, 255);\n}\n#text-2078487133 > * {\n  color: rgb(255, 255, 255);\n}\n@media (min-width:550px) {\n  #text-2078487133 {\n    font-size: 1.3rem;\n  }\n}\n<\/style>\n\t<\/div>\n\t\n\n\t\t<\/div>\n\t\t\t\t\n<style>\n#col-696818020 > .col-inner {\n  padding: 20px 0px 0px 0px;\n}\n<\/style>\n\t<\/div>\n\n\t\n\n<\/div>\n<div class=\"row row-collapse align-middle align-center\"  id=\"row-1135684143\">\n\n\n\t<div id=\"col-860342015\" class=\"col medium-6 small-12 large-5\"  >\n\t\t\t\t<div class=\"col-inner text-center\"  >\n\t\t\t\n\t\t\t\n\n\t<div id=\"text-355616343\" class=\"text\">\n\t\t\n\n<p>Constru Kom 321, Engenharia e Constru\u00e7\u00e3o, LDA <br \/>Rua 25 de Abril, N\u00ba 1H - Bairro das Amoreiras <br \/>7570-163 Gr\u00e2ndola<\/p>\n\t\t\n<style>\n#text-355616343 {\n  font-size: 1rem;\n  text-align: left;\n  color: rgb(255, 255, 255);\n}\n#text-355616343 > * {\n  color: rgb(255, 255, 255);\n}\n@media (min-width:550px) {\n  #text-355616343 {\n    font-size: 1rem;\n    text-align: left;\n  }\n}\n<\/style>\n\t<\/div>\n\t\n\n\t\t<div class=\"icon-box featured-box icon-box-left text-left\"  >\n\t\t\t\t\t<div class=\"icon-box-img\" style=\"width: 25px\">\n\t\t\t\t<div class=\"icon\">\n\t\t\t\t\t<div class=\"icon-inner\" >\n\t\t\t\t\t\t<img loading=\"lazy\" decoding=\"async\" width=\"1\" height=\"1\" src=\"https:\/\/const-dev.audosys.com\/wp-content\/uploads\/2024\/05\/Phone.svg\" class=\"attachment-medium size-medium\" alt=\"\" \/>\t\t\t\t\t<\/div>\n\t\t\t\t<\/div>\n\t\t\t<\/div>\n\t\t\t\t<div class=\"icon-box-text last-reset\">\n\t\t\t\t\t\t\t\t\t\n\n\t<div id=\"text-4260419379\" class=\"text\">\n\t\t\n\n<p> +351 931 620 183 <\/p>\n\t\t\n<style>\n#text-4260419379 {\n  font-size: 1rem;\n  color: rgb(255, 255, 255);\n}\n#text-4260419379 > * {\n  color: rgb(255, 255, 255);\n}\n@media (min-width:550px) {\n  #text-4260419379 {\n    font-size: 1rem;\n  }\n}\n<\/style>\n\t<\/div>\n\t\n\n\t\t<\/div>\n\t<\/div>\n\t\n\t\n\n\t\t<div class=\"icon-box featured-box icon-box-left text-left\"  >\n\t\t\t\t\t<div class=\"icon-box-img\" style=\"width: 25px\">\n\t\t\t\t<div class=\"icon\">\n\t\t\t\t\t<div class=\"icon-inner\" >\n\t\t\t\t\t\t<img loading=\"lazy\" decoding=\"async\" width=\"1\" height=\"1\" src=\"https:\/\/const-dev.audosys.com\/wp-content\/uploads\/2024\/05\/Mail_inverse.svg\" class=\"attachment-medium size-medium\" alt=\"\" \/>\t\t\t\t\t<\/div>\n\t\t\t\t<\/div>\n\t\t\t<\/div>\n\t\t\t\t<div class=\"icon-box-text last-reset\">\n\t\t\t\t\t\t\t\t\t\n\n\t<div id=\"text-3068831247\" class=\"text\">\n\t\t\n\n<p>construkom321@gmail.com  <\/p>\n\t\t\n<style>\n#text-3068831247 {\n  font-size: 1rem;\n  color: rgb(255, 255, 255);\n}\n#text-3068831247 > * {\n  color: rgb(255, 255, 255);\n}\n@media (min-width:550px) {\n  #text-3068831247 {\n    font-size: 1rem;\n  }\n}\n<\/style>\n\t<\/div>\n\t\n\n\t\t<\/div>\n\t<\/div>\n\t\n\t\n\n\t\t<\/div>\n\t\t\t\t\n<style>\n#col-860342015 > .col-inner {\n  padding: 0px 40px 0px 40px;\n}\n@media (min-width:550px) {\n  #col-860342015 > .col-inner {\n    padding: 0px 0px 0px 30px;\n  }\n}\n@media (min-width:850px) {\n  #col-860342015 > .col-inner {\n    padding: 0px 40px 0px 0px;\n  }\n}\n<\/style>\n\t<\/div>\n\n\t\n\n\t<div id=\"col-128641921\" class=\"col medium-6 small-12 large-4\"  >\n\t\t\t\t<div class=\"col-inner\"  >\n\t\t\t\n\t\t\t\n\n\n<div class=\"wpcf7 no-js\" id=\"wpcf7-f7-o1\" lang=\"pt-PT\" dir=\"ltr\" data-wpcf7-id=\"7\">\n<div class=\"screen-reader-response\"><p role=\"status\" aria-live=\"polite\" aria-atomic=\"true\"><\/p> <ul><\/ul><\/div>\n<form action=\"\/en\/wp-json\/wp\/v2\/pages\/1308#wpcf7-f7-o1\" method=\"post\" class=\"wpcf7-form init\" aria-label=\"Formul\u00e1rio de contacto\" novalidate=\"novalidate\" data-status=\"init\" data-trp-original-action=\"\/en\/wp-json\/wp\/v2\/pages\/1308#wpcf7-f7-o1\">\n<div style=\"display: none;\">\n<input type=\"hidden\" name=\"_wpcf7\" value=\"7\" \/>\n<input type=\"hidden\" name=\"_wpcf7_version\" value=\"6.0.3\" \/>\n<input type=\"hidden\" name=\"_wpcf7_locale\" value=\"pt_PT\" \/>\n<input type=\"hidden\" name=\"_wpcf7_unit_tag\" value=\"wpcf7-f7-o1\" \/>\n<input type=\"hidden\" name=\"_wpcf7_container_post\" value=\"0\" \/>\n<input type=\"hidden\" name=\"_wpcf7_posted_data_hash\" value=\"\" \/>\n<\/div>\n<p><span class=\"wpcf7-form-control-wrap\" data-name=\"your-name\"><input size=\"40\" maxlength=\"400\" class=\"wpcf7-form-control wpcf7-text wpcf7-validates-as-required\" autocomplete=\"name\" aria-required=\"true\" aria-invalid=\"false\" placeholder=\"Name\" value=\"\" type=\"text\" name=\"your-name\" \/><\/span>\n<\/p>\n<p><span class=\"wpcf7-form-control-wrap\" data-name=\"your-email\"><input size=\"40\" maxlength=\"400\" class=\"wpcf7-form-control wpcf7-email wpcf7-validates-as-required wpcf7-text wpcf7-validates-as-email\" autocomplete=\"email\" aria-required=\"true\" aria-invalid=\"false\" placeholder=\"Email\" value=\"\" type=\"email\" name=\"your-email\" \/><\/span>\n<\/p>\n<p><span class=\"wpcf7-form-control-wrap\" data-name=\"telefone\"><input size=\"40\" maxlength=\"400\" class=\"wpcf7-form-control wpcf7-tel wpcf7-validates-as-required wpcf7-text wpcf7-validates-as-tel\" aria-required=\"true\" aria-invalid=\"false\" placeholder=\"Telephone\" value=\"\" type=\"tel\" name=\"telefone\" \/><\/span>\n<\/p>\n<p><span class=\"wpcf7-form-control-wrap\" data-name=\"your-message\"><textarea cols=\"40\" rows=\"10\" maxlength=\"2000\" class=\"wpcf7-form-control wpcf7-textarea\" aria-invalid=\"false\" placeholder=\"Your message...\" name=\"your-message\"><\/textarea><\/span>\n<\/p>\n<p><input class=\"wpcf7-form-control wpcf7-submit has-spinner expand\" type=\"submit\" value=\"Send\" \/>\n<\/p><div class=\"wpcf7-response-output\" aria-hidden=\"true\"><\/div>\n<input type=\"hidden\" name=\"trp-form-language\" value=\"en\"\/><\/form>\n<\/div>\n\n\n\n\t\t<\/div>\n\t\t\t\t\n<style>\n#col-128641921 > .col-inner {\n  padding: 30px 40px 0px 40px;\n}\n@media (min-width:550px) {\n  #col-128641921 > .col-inner {\n    padding: 0px 30px 0px 0px;\n  }\n}\n@media (min-width:850px) {\n  #col-128641921 > .col-inner {\n    padding: 0px 0px 0px 0px;\n  }\n}\n<\/style>\n\t<\/div>\n\n\t\n\n<\/div>\n\n\t\t<\/div>\n\n\t\t\n<style>\n#section_515189051 {\n  padding-top: 30px;\n  padding-bottom: 30px;\n  background-color: #f98125;\n}\n<\/style>\n\t<\/section>\n\t\n\n<div class=\"message-box relative\" style=\"padding-top:30px;padding-bottom:30px;\"><div class=\"message-box-bg-image bg-fill fill\" ><\/div><div class=\"message-box-bg-overlay bg-fill fill\" style=\"background-color:rgb(210, 222, 228);\"><\/div><div class=\"container relative\"><div class=\"inner last-reset\">\n\n<div class=\"row row-collapse align-middle\"  id=\"row-340339562\">\n\n\n\t<div id=\"col-1352426882\" class=\"col medium-7 small-12 large-7\"  >\n\t\t\t\t<div class=\"col-inner text-left\"  >\n\t\t\t\n\t\t\t\n\n\t<div id=\"text-1076580951\" class=\"text\">\n\t\t\n\n<h3><strong>Stay up to date with the news!<\/strong><\/h3>\n\t\t\n<style>\n#text-1076580951 {\n  font-size: 1.2rem;\n  text-align: center;\n  color: rgb(76, 95, 106);\n}\n#text-1076580951 > * {\n  color: rgb(76, 95, 106);\n}\n@media (min-width:550px) {\n  #text-1076580951 {\n    font-size: 1.2rem;\n    text-align: left;\n  }\n}\n@media (min-width:850px) {\n  #text-1076580951 {\n    font-size: 1.4rem;\n  }\n}\n<\/style>\n\t<\/div>\n\t\n\n\t\t<\/div>\n\t\t\t\t\n<style>\n#col-1352426882 > .col-inner {\n  margin: 0px 0px -15px 0px;\n}\n<\/style>\n\t<\/div>\n\n\t\n\n\t<div id=\"col-442419044\" class=\"col medium-5 small-12 large-5\"  >\n\t\t\t\t<div class=\"col-inner text-center\"  >\n\t\t\t\n\t\t\t\n\n\t<div id=\"gap-2040320447\" class=\"gap-element clearfix\" style=\"display:block; height:auto;\">\n\t\t\n<style>\n#gap-2040320447 {\n  padding-top: 30px;\n}\n@media (min-width:550px) {\n  #gap-2040320447 {\n    padding-top: 0px;\n  }\n}\n@media (min-width:850px) {\n  #gap-2040320447 {\n    padding-top: 0px;\n  }\n}\n<\/style>\n\t<\/div>\n\t\n\n\n<div class=\"wpcf7 no-js\" id=\"wpcf7-f1787-o2\" lang=\"pt-PT\" dir=\"ltr\" data-wpcf7-id=\"1787\">\n<div class=\"screen-reader-response\"><p role=\"status\" aria-live=\"polite\" aria-atomic=\"true\"><\/p> <ul><\/ul><\/div>\n<form action=\"\/en\/wp-json\/wp\/v2\/pages\/1308#wpcf7-f1787-o2\" method=\"post\" class=\"wpcf7-form init\" aria-label=\"Formul\u00e1rio de contacto\" novalidate=\"novalidate\" data-status=\"init\" data-trp-original-action=\"\/en\/wp-json\/wp\/v2\/pages\/1308#wpcf7-f1787-o2\">\n<div style=\"display: none;\">\n<input type=\"hidden\" name=\"_wpcf7\" value=\"1787\" \/>\n<input type=\"hidden\" name=\"_wpcf7_version\" value=\"6.0.3\" \/>\n<input type=\"hidden\" name=\"_wpcf7_locale\" value=\"pt_PT\" \/>\n<input type=\"hidden\" name=\"_wpcf7_unit_tag\" value=\"wpcf7-f1787-o2\" \/>\n<input type=\"hidden\" name=\"_wpcf7_container_post\" value=\"0\" \/>\n<input type=\"hidden\" name=\"_wpcf7_posted_data_hash\" value=\"\" \/>\n<\/div>\n<div class=\"flex-row medium-flex-wrap\">\n\t<div class=\"flex-col flex-grow\">\n\t\t<p><span class=\"wpcf7-form-control-wrap\" data-name=\"your-email\"><input size=\"40\" maxlength=\"400\" class=\"wpcf7-form-control wpcf7-email wpcf7-validates-as-required wpcf7-text wpcf7-validates-as-email\" aria-required=\"true\" aria-invalid=\"false\" placeholder=\"Email\" value=\"\" type=\"email\" name=\"your-email\" \/><\/span>\n\t\t<\/p>\n\t<\/div>\n\t<div class=\"flex-col\">\n\t\t<p><input type=\"submit\" value=\"Subscribe\" class=\"button-sec submit-nl expand\" \/>\n\t\t<\/p>\n\t<\/div>\n<\/div><div class=\"wpcf7-response-output\" aria-hidden=\"true\"><\/div>\n<input type=\"hidden\" name=\"trp-form-language\" value=\"en\"\/><\/form>\n<\/div>\n\n\n\n\t\t<\/div>\n\t\t\t\t\t<\/div>\n\n\t\n\n<\/div>\n\n<\/div><\/div><\/div>","protected":false},"excerpt":{"rendered":"","protected":false},"author":3,"featured_media":0,"parent":0,"menu_order":4,"comment_status":"closed","ping_status":"closed","template":"page-transparent-header-light.php","meta":{"footnotes":""},"class_list":["post-1308","page","type-page","status-publish","hentry"],"_links":{"self":[{"href":"https:\/\/const-dev.audosys.com\/en\/wp-json\/wp\/v2\/pages\/1308","targetHints":{"allow":["GET"]}}],"collection":[{"href":"https:\/\/const-dev.audosys.com\/en\/wp-json\/wp\/v2\/pages"}],"about":[{"href":"https:\/\/const-dev.audosys.com\/en\/wp-json\/wp\/v2\/types\/page"}],"author":[{"embeddable":true,"href":"https:\/\/const-dev.audosys.com\/en\/wp-json\/wp\/v2\/users\/3"}],"replies":[{"embeddable":true,"href":"https:\/\/const-dev.audosys.com\/en\/wp-json\/wp\/v2\/comments?post=1308"}],"version-history":[{"count":27,"href":"https:\/\/const-dev.audosys.com\/en\/wp-json\/wp\/v2\/pages\/1308\/revisions"}],"predecessor-version":[{"id":2963,"href":"https:\/\/const-dev.audosys.com\/en\/wp-json\/wp\/v2\/pages\/1308\/revisions\/2963"}],"wp:attachment":[{"href":"https:\/\/const-dev.audosys.com\/en\/wp-json\/wp\/v2\/media?parent=1308"}],"curies":[{"name":"wp","href":"https:\/\/api.w.org\/{rel}","templated":true}]}}