{"id":1198,"date":"2024-05-28T17:26:02","date_gmt":"2024-05-28T17:26:02","guid":{"rendered":"https:\/\/const-dev.audosys.com\/?page_id=1198"},"modified":"2024-08-22T10:38:09","modified_gmt":"2024-08-22T10:38:09","slug":"historia","status":"publish","type":"page","link":"https:\/\/const-dev.audosys.com\/en\/sobre-nos\/historia\/","title":{"rendered":"History"},"content":{"rendered":"<section class=\"section has-parallax\" id=\"section_1877798269\">\n\t\t<div class=\"section-bg fill\" data-parallax-container=\".section\" data-parallax-background data-parallax=\"-3\">\n\t\t\t<img loading=\"lazy\" decoding=\"async\" width=\"1920\" height=\"1280\" src=\"https:\/\/const-dev.audosys.com\/wp-content\/uploads\/2024\/05\/floor-plan-1857175_1920.jpg\" class=\"bg attachment- size-\" alt=\"\" \/>\t\t\t\t\t\t<div class=\"section-bg-overlay absolute fill\"><\/div>\n\t\t\t\n\n\t\t<\/div>\n\n\t\t\n\n\t\t<div class=\"section-content relative\">\n\t\t\t\n\n\t<div id=\"gap-1583869081\" class=\"gap-element clearfix\" style=\"display:block; height:auto;\">\n\t\t\n<style>\n#gap-1583869081 {\n  padding-top: 240px;\n}\n@media (min-width:550px) {\n  #gap-1583869081 {\n    padding-top: 240px;\n  }\n}\n<\/style>\n\t<\/div>\n\t\n\n<div class=\"row\"  id=\"row-219077614\">\n\n\n\t<div id=\"col-1692015317\" class=\"col medium-9 small-12 large-9\"  data-animate=\"blurIn\">\n\t\t\t\t<div class=\"col-inner text-left\"  data-parallax-fade=\"true\" data-parallax=\"3\">\n\t\t\t\n\t\t\t\n\n\t<div id=\"text-7723206\" class=\"text\">\n\t\t\n\n<h1><strong>History of <br \/>Constru Kom<\/strong><\/h1>\n\t\t\n<style>\n#text-7723206 {\n  font-size: 1.5rem;\n  line-height: 1.4;\n  text-align: center;\n  color: rgb(255, 255, 255);\n}\n#text-7723206 > * {\n  color: rgb(255, 255, 255);\n}\n@media (min-width:550px) {\n  #text-7723206 {\n    text-align: left;\n  }\n}\n<\/style>\n\t<\/div>\n\t\n\t<div id=\"text-467216657\" class=\"text\">\n\t\t\n\n<p>The interest and dedication to construction began in 1987, when Mr. Manuel dos Santos Guerreiro founded the company: Manuel dos Santos Guerreiro Revestimentos e Decora\u00e7\u00f5es in Gr\u00e2ndola.<\/p>\n\t\t\n<style>\n#text-467216657 {\n  font-size: 1.2rem;\n  line-height: 1.4;\n  text-align: center;\n  color: rgb(255, 255, 255);\n}\n#text-467216657 > * {\n  color: rgb(255, 255, 255);\n}\n@media (min-width:550px) {\n  #text-467216657 {\n    text-align: left;\n  }\n}\n<\/style>\n\t<\/div>\n\t\n\n\t\t<\/div>\n\t\t\t\t\n<style>\n#col-1692015317 > .col-inner {\n  margin: 0px 0px -50px 0px;\n}\n@media (min-width:550px) {\n  #col-1692015317 > .col-inner {\n    margin: 0px 0px -50px 0px;\n  }\n}\n<\/style>\n\t<\/div>\n\n\t\n\n\n<style>\n#row-219077614 > .col > .col-inner {\n  padding: 0px 0px 0px 0px;\n}\n@media (min-width:550px) {\n  #row-219077614 > .col > .col-inner {\n    padding: 0px 0px 0px 20px;\n  }\n}\n<\/style>\n<\/div>\n\n\t\t<\/div>\n\n\t\t\n<style>\n#section_1877798269 {\n  padding-top: 50px;\n  padding-bottom: 50px;\n}\n#section_1877798269 .section-bg-overlay {\n  background-color: rgba(76, 95, 106, 0.6);\n}\n#section_1877798269 .section-bg img {\n  object-position: 60% 6%;\n}\n<\/style>\n\t<\/section>\n\t\n\n\t<section class=\"section\" id=\"section_701069559\">\n\t\t<div class=\"section-bg fill\" >\n\t\t\t\t\t\t\t\t\t\n\t\t\t\n\n\t\t<\/div>\n\n\t\t\n\n\t\t<div class=\"section-content relative\">\n\t\t\t\n\n\t<div id=\"gap-1569203957\" class=\"gap-element clearfix show-for-small\" style=\"display:block; height:auto;\">\n\t\t\n<style>\n#gap-1569203957 {\n  padding-top: 30px;\n}\n<\/style>\n\t<\/div>\n\t\n\n<div class=\"row row-collapse row-full-width align-middle align-center\"  id=\"row-674679723\">\n\n\n\t<div id=\"col-2121946981\" class=\"col medium-6 small-12 large-6 small-col-first\"  >\n\t\t\t\t<div class=\"col-inner text-center\"  data-parallax-fade=\"true\" data-parallax=\"3\">\n\t\t\t\n\t\t\t\n\n\t<div class=\"img has-hover rounded-corners x md-x lg-x y md-y lg-y\" id=\"image_1219260470\">\n\t\t\t\t\t\t\t\t<div class=\"img-inner dark\" >\n\t\t\t<img loading=\"lazy\" decoding=\"async\" width=\"1020\" height=\"615\" src=\"https:\/\/const-dev.audosys.com\/wp-content\/uploads\/2024\/05\/architect-3979490_1920-1024x617.jpg\" class=\"attachment-large size-large\" alt=\"\" srcset=\"https:\/\/const-dev.audosys.com\/wp-content\/uploads\/2024\/05\/architect-3979490_1920-1024x617.jpg 1024w, https:\/\/const-dev.audosys.com\/wp-content\/uploads\/2024\/05\/architect-3979490_1920-300x181.jpg 300w, https:\/\/const-dev.audosys.com\/wp-content\/uploads\/2024\/05\/architect-3979490_1920-768x462.jpg 768w, https:\/\/const-dev.audosys.com\/wp-content\/uploads\/2024\/05\/architect-3979490_1920-1536x925.jpg 1536w, https:\/\/const-dev.audosys.com\/wp-content\/uploads\/2024\/05\/architect-3979490_1920.jpg 1920w\" sizes=\"auto, (max-width: 1020px) 100vw, 1020px\" \/>\t\t\t\t\t\t\n\t\t\t\t\t<\/div>\n\t\t\t\t\t\t\t\t\n<style>\n#image_1219260470 {\n  width: 90%;\n}\n@media (min-width:550px) {\n  #image_1219260470 {\n    width: 90%;\n  }\n}\n<\/style>\n\t<\/div>\n\t\n\n\n\t\t<\/div>\n\t\t\t\t\n<style>\n#col-2121946981 > .col-inner {\n  padding: 40px 0px 40px 0px;\n}\n<\/style>\n\t<\/div>\n\n\t\n\n\t<div id=\"col-2072912931\" class=\"col medium-6 small-12 large-6\"  >\n\t\t\t\t<div class=\"col-inner\"  data-parallax-fade=\"true\" data-parallax=\"3\">\n\t\t\t\n\t\t\t\n\n\t<div id=\"text-149344759\" class=\"text\">\n\t\t\n\n<p>It all started with small remodeling jobs, improvements, and maintenance, right up to building houses. From the start, the aim was to solve customers' problems with high-quality construction solutions at controlled costs.<\/p>\n<p>It was in this environment that Carlos Guerreiro grew up, and from an early age, he showed an interest in building and renovating houses, following, and learning from his father.<\/p>\n\t\t\n<style>\n#text-149344759 {\n  font-size: 1rem;\n  line-height: 1.3;\n  text-align: left;\n}\n@media (min-width:550px) {\n  #text-149344759 {\n    font-size: 1.1rem;\n  }\n}\n@media (min-width:850px) {\n  #text-149344759 {\n    font-size: 1.1rem;\n    line-height: 1.4;\n    text-align: left;\n  }\n}\n<\/style>\n\t<\/div>\n\t\n\n\t\t<\/div>\n\t\t\t\t\n<style>\n#col-2072912931 > .col-inner {\n  padding: 5% 5% 5% 5%;\n}\n<\/style>\n\t<\/div>\n\n\t\n\n<\/div>\n<div class=\"row row-collapse row-full-width align-middle align-center\"  id=\"row-1909036798\">\n\n\n\t<div id=\"col-1313943538\" class=\"col medium-6 small-12 large-6\"  >\n\t\t\t\t<div class=\"col-inner\"  data-parallax-fade=\"true\" data-parallax=\"3\">\n\t\t\t\n\t\t\t\n\n\t<div id=\"text-3348574360\" class=\"text\">\n\t\t\n\n<p>In 2003 he set up his own company, Construllab, dedicated to construction and engineering. <\/p>\n<p>Constru Kom, a construction and engineering company, was founded in 2009 because of his long experience in the construction and refurbishment of buildings.<\/p>\n\t\t\n<style>\n#text-3348574360 {\n  font-size: 1rem;\n  line-height: 1.4;\n  text-align: left;\n}\n@media (min-width:550px) {\n  #text-3348574360 {\n    font-size: 1.1rem;\n  }\n}\n@media (min-width:850px) {\n  #text-3348574360 {\n    text-align: left;\n  }\n}\n<\/style>\n\t<\/div>\n\t\n\n\t\t<\/div>\n\t\t\t\t\n<style>\n#col-1313943538 > .col-inner {\n  padding: 5% 5% 5% 5%;\n}\n<\/style>\n\t<\/div>\n\n\t\n\n\t<div id=\"col-945281306\" class=\"col medium-6 small-12 large-6 small-col-first\"  >\n\t\t\t\t<div class=\"col-inner text-center\"  data-parallax-fade=\"true\" data-parallax=\"3\">\n\t\t\t\n\t\t\t\n\n\t<div class=\"img has-hover rounded-corners x md-x lg-x y md-y lg-y\" id=\"image_959917519\">\n\t\t\t\t\t\t\t\t<div class=\"img-inner dark\" >\n\t\t\t<img loading=\"lazy\" decoding=\"async\" width=\"1020\" height=\"680\" src=\"https:\/\/const-dev.audosys.com\/wp-content\/uploads\/2024\/05\/scott-graham-5fNmWej4tAA-unsplash-1024x683.jpg\" class=\"attachment-large size-large\" alt=\"\" srcset=\"https:\/\/const-dev.audosys.com\/wp-content\/uploads\/2024\/05\/scott-graham-5fNmWej4tAA-unsplash-1024x683.jpg 1024w, https:\/\/const-dev.audosys.com\/wp-content\/uploads\/2024\/05\/scott-graham-5fNmWej4tAA-unsplash-300x200.jpg 300w, https:\/\/const-dev.audosys.com\/wp-content\/uploads\/2024\/05\/scott-graham-5fNmWej4tAA-unsplash-768x513.jpg 768w\" sizes=\"auto, (max-width: 1020px) 100vw, 1020px\" \/>\t\t\t\t\t\t\n\t\t\t\t\t<\/div>\n\t\t\t\t\t\t\t\t\n<style>\n#image_959917519 {\n  width: 90%;\n}\n@media (min-width:550px) {\n  #image_959917519 {\n    width: 90%;\n  }\n}\n<\/style>\n\t<\/div>\n\t\n\n\n\t\t<\/div>\n\t\t\t\t\n<style>\n#col-945281306 > .col-inner {\n  padding: 40px 0px 40px 0px;\n}\n<\/style>\n\t<\/div>\n\n\t\n\n<\/div>\n<div class=\"row row-collapse row-full-width align-middle align-center\"  id=\"row-1333519139\">\n\n\n\t<div id=\"col-1857833482\" class=\"col medium-6 small-12 large-6 small-col-first\"  >\n\t\t\t\t<div class=\"col-inner text-center\"  data-parallax-fade=\"true\" data-parallax=\"3\">\n\t\t\t\n\t\t\t\n\n\t<div class=\"img has-hover rounded-corners x md-x lg-x y md-y lg-y\" id=\"image_1612137729\">\n\t\t\t\t\t\t\t\t<div class=\"img-inner dark\" >\n\t\t\t<img loading=\"lazy\" decoding=\"async\" width=\"2560\" height=\"1708\" src=\"https:\/\/const-dev.audosys.com\/wp-content\/uploads\/2024\/06\/close-up-men-with-safety-vests-helmet-scaled.jpg\" class=\"attachment-original size-original\" alt=\"\" srcset=\"https:\/\/const-dev.audosys.com\/wp-content\/uploads\/2024\/06\/close-up-men-with-safety-vests-helmet-scaled.jpg 2560w, https:\/\/const-dev.audosys.com\/wp-content\/uploads\/2024\/06\/close-up-men-with-safety-vests-helmet-300x200.jpg 300w, https:\/\/const-dev.audosys.com\/wp-content\/uploads\/2024\/06\/close-up-men-with-safety-vests-helmet-1024x683.jpg 1024w, https:\/\/const-dev.audosys.com\/wp-content\/uploads\/2024\/06\/close-up-men-with-safety-vests-helmet-768x513.jpg 768w\" sizes=\"auto, (max-width: 2560px) 100vw, 2560px\" \/>\t\t\t\t\t\t\n\t\t\t\t\t<\/div>\n\t\t\t\t\t\t\t\t\n<style>\n#image_1612137729 {\n  width: 90%;\n}\n@media (min-width:550px) {\n  #image_1612137729 {\n    width: 90%;\n  }\n}\n<\/style>\n\t<\/div>\n\t\n\n\n\t\t<\/div>\n\t\t\t\t\n<style>\n#col-1857833482 > .col-inner {\n  padding: 40px 0px 40px 0px;\n}\n<\/style>\n\t<\/div>\n\n\t\n\n\t<div id=\"col-974536518\" class=\"col medium-6 small-12 large-6\"  >\n\t\t\t\t<div class=\"col-inner\"  data-parallax-fade=\"true\" data-parallax=\"3\">\n\t\t\t\n\t\t\t\n\n\t<div id=\"text-838136332\" class=\"text\">\n\t\t\n\n<p class=\"translation-block\"><strong>There are more than 25 years of experience and technical knowledge.<\/strong> His focus was on the construction and mainly the improvement of buildings, making them more efficient, more comfortable and more pleasant for their owners.<\/p>\n<p class=\"translation-block\">Because of of his long experience, he decided to open a <strong>consultancy business for building, remodeling, or buying\/selling houses.<\/strong><\/p>\n\t\t\n<style>\n#text-838136332 {\n  font-size: 1rem;\n  line-height: 1.4;\n  text-align: left;\n}\n@media (min-width:550px) {\n  #text-838136332 {\n    font-size: 1.1rem;\n  }\n}\n@media (min-width:850px) {\n  #text-838136332 {\n    text-align: left;\n  }\n}\n<\/style>\n\t<\/div>\n\t\n\n\t\t<\/div>\n\t\t\t\t\n<style>\n#col-974536518 > .col-inner {\n  padding: 5% 5% 5% 5%;\n}\n<\/style>\n\t<\/div>\n\n\t\n\n<\/div>\n\n\t\t<\/div>\n\n\t\t\n<style>\n#section_701069559 {\n  padding-top: 0px;\n  padding-bottom: 0px;\n}\n<\/style>\n\t<\/section>\n\t\n<div class=\"message-box relative\" style=\"padding-top:30px;padding-bottom:30px;\"><div class=\"message-box-bg-image bg-fill fill\" ><\/div><div class=\"message-box-bg-overlay bg-fill fill\" style=\"background-color:rgb(210, 222, 228);\"><\/div><div class=\"container relative\"><div class=\"inner last-reset\">\n\n<div class=\"row row-collapse align-middle\"  id=\"row-1973702068\">\n\n\n\t<div id=\"col-1884865325\" class=\"col medium-7 small-12 large-7\"  >\n\t\t\t\t<div class=\"col-inner text-left\"  >\n\t\t\t\n\t\t\t\n\n\t<div id=\"text-755860712\" class=\"text\">\n\t\t\n\n<h3><strong>Stay up to date with the news!<\/strong><\/h3>\n\t\t\n<style>\n#text-755860712 {\n  font-size: 1.2rem;\n  text-align: center;\n  color: rgb(76, 95, 106);\n}\n#text-755860712 > * {\n  color: rgb(76, 95, 106);\n}\n@media (min-width:550px) {\n  #text-755860712 {\n    font-size: 1.2rem;\n    text-align: left;\n  }\n}\n@media (min-width:850px) {\n  #text-755860712 {\n    font-size: 1.4rem;\n  }\n}\n<\/style>\n\t<\/div>\n\t\n\n\t\t<\/div>\n\t\t\t\t\n<style>\n#col-1884865325 > .col-inner {\n  margin: 0px 0px -15px 0px;\n}\n<\/style>\n\t<\/div>\n\n\t\n\n\t<div id=\"col-1101384101\" class=\"col medium-5 small-12 large-5\"  >\n\t\t\t\t<div class=\"col-inner text-center\"  >\n\t\t\t\n\t\t\t\n\n\t<div id=\"gap-22319702\" class=\"gap-element clearfix\" style=\"display:block; height:auto;\">\n\t\t\n<style>\n#gap-22319702 {\n  padding-top: 30px;\n}\n@media (min-width:550px) {\n  #gap-22319702 {\n    padding-top: 0px;\n  }\n}\n@media (min-width:850px) {\n  #gap-22319702 {\n    padding-top: 0px;\n  }\n}\n<\/style>\n\t<\/div>\n\t\n\n\n<div class=\"wpcf7 no-js\" id=\"wpcf7-f1787-o1\" lang=\"pt-PT\" dir=\"ltr\" data-wpcf7-id=\"1787\">\n<div class=\"screen-reader-response\"><p role=\"status\" aria-live=\"polite\" aria-atomic=\"true\"><\/p> <ul><\/ul><\/div>\n<form action=\"\/en\/wp-json\/wp\/v2\/pages\/1198#wpcf7-f1787-o1\" method=\"post\" class=\"wpcf7-form init\" aria-label=\"Formul\u00e1rio de contacto\" novalidate=\"novalidate\" data-status=\"init\" data-trp-original-action=\"\/en\/wp-json\/wp\/v2\/pages\/1198#wpcf7-f1787-o1\">\n<div style=\"display: none;\">\n<input type=\"hidden\" name=\"_wpcf7\" value=\"1787\" \/>\n<input type=\"hidden\" name=\"_wpcf7_version\" value=\"6.0.3\" \/>\n<input type=\"hidden\" name=\"_wpcf7_locale\" value=\"pt_PT\" \/>\n<input type=\"hidden\" name=\"_wpcf7_unit_tag\" value=\"wpcf7-f1787-o1\" \/>\n<input type=\"hidden\" name=\"_wpcf7_container_post\" value=\"0\" \/>\n<input type=\"hidden\" name=\"_wpcf7_posted_data_hash\" value=\"\" \/>\n<\/div>\n<div class=\"flex-row medium-flex-wrap\">\n\t<div class=\"flex-col flex-grow\">\n\t\t<p><span class=\"wpcf7-form-control-wrap\" data-name=\"your-email\"><input size=\"40\" maxlength=\"400\" class=\"wpcf7-form-control wpcf7-email wpcf7-validates-as-required wpcf7-text wpcf7-validates-as-email\" aria-required=\"true\" aria-invalid=\"false\" placeholder=\"Email\" value=\"\" type=\"email\" name=\"your-email\" \/><\/span>\n\t\t<\/p>\n\t<\/div>\n\t<div class=\"flex-col\">\n\t\t<p><input type=\"submit\" value=\"Subscribe\" class=\"button-sec submit-nl expand\" \/>\n\t\t<\/p>\n\t<\/div>\n<\/div><div class=\"wpcf7-response-output\" aria-hidden=\"true\"><\/div>\n<input type=\"hidden\" name=\"trp-form-language\" value=\"en\"\/><\/form>\n<\/div>\n\n\n\n\t\t<\/div>\n\t\t\t\t\t<\/div>\n\n\t\n\n<\/div>\n\n<\/div><\/div><\/div>","protected":false},"excerpt":{"rendered":"","protected":false},"author":3,"featured_media":0,"parent":405,"menu_order":4,"comment_status":"closed","ping_status":"closed","template":"page-transparent-header-light.php","meta":{"footnotes":""},"class_list":["post-1198","page","type-page","status-publish","hentry"],"_links":{"self":[{"href":"https:\/\/const-dev.audosys.com\/en\/wp-json\/wp\/v2\/pages\/1198","targetHints":{"allow":["GET"]}}],"collection":[{"href":"https:\/\/const-dev.audosys.com\/en\/wp-json\/wp\/v2\/pages"}],"about":[{"href":"https:\/\/const-dev.audosys.com\/en\/wp-json\/wp\/v2\/types\/page"}],"author":[{"embeddable":true,"href":"https:\/\/const-dev.audosys.com\/en\/wp-json\/wp\/v2\/users\/3"}],"replies":[{"embeddable":true,"href":"https:\/\/const-dev.audosys.com\/en\/wp-json\/wp\/v2\/comments?post=1198"}],"version-history":[{"count":44,"href":"https:\/\/const-dev.audosys.com\/en\/wp-json\/wp\/v2\/pages\/1198\/revisions"}],"predecessor-version":[{"id":2957,"href":"https:\/\/const-dev.audosys.com\/en\/wp-json\/wp\/v2\/pages\/1198\/revisions\/2957"}],"up":[{"embeddable":true,"href":"https:\/\/const-dev.audosys.com\/en\/wp-json\/wp\/v2\/pages\/405"}],"wp:attachment":[{"href":"https:\/\/const-dev.audosys.com\/en\/wp-json\/wp\/v2\/media?parent=1198"}],"curies":[{"name":"wp","href":"https:\/\/api.w.org\/{rel}","templated":true}]}}